{"id":2030,"date":"2025-08-26T02:48:14","date_gmt":"2025-08-26T02:48:14","guid":{"rendered":"https:\/\/tusinvitacionesdigitales.com\/?page_id=2030"},"modified":"2025-08-26T03:10:54","modified_gmt":"2025-08-26T03:10:54","slug":"cumple-adulto","status":"publish","type":"page","link":"https:\/\/tusinvitacionesdigitales.com\/index.php\/cumple-adulto\/","title":{"rendered":"cumple adulto"},"content":{"rendered":"\t\t<div data-elementor-type=\"wp-page\" data-elementor-id=\"2030\" class=\"elementor elementor-2030\" data-elementor-post-type=\"page\">\n\t\t\t\t<div class=\"elementor-element elementor-element-c880753 e-flex e-con-boxed e-con e-parent\" data-id=\"c880753\" data-element_type=\"container\">\n\t\t\t\t\t<div class=\"e-con-inner\">\n\t\t\t\t<div class=\"elementor-element elementor-element-6e1e28e elementor-widget elementor-widget-heading\" data-id=\"6e1e28e\" data-element_type=\"widget\" data-widget_type=\"heading.default\">\n\t\t\t\t<div class=\"elementor-widget-container\">\n\t\t\t\t\t<h2 class=\"elementor-heading-title elementor-size-default\">Cumplea\u00f1os J\u00f3venes y Adultos<\/h2>\t\t\t\t<\/div>\n\t\t\t\t<\/div>\n\t\t\t\t<div class=\"elementor-element elementor-element-5fa1781 elementor-widget elementor-widget-text-editor\" data-id=\"5fa1781\" data-element_type=\"widget\" data-widget_type=\"text-editor.default\">\n\t\t\t\t<div class=\"elementor-widget-container\">\n\t\t\t\t\t\t\t\t\t<p>Invitaciones para cumplea\u00f1os, modernas y f\u00e1ciles de compartir<\/p>\t\t\t\t\t\t\t\t<\/div>\n\t\t\t\t<\/div>\n\t\t\t\t\t<\/div>\n\t\t\t\t<\/div>\n\t\t<div class=\"elementor-element elementor-element-77b2bfd e-flex e-con-boxed e-con e-parent\" data-id=\"77b2bfd\" data-element_type=\"container\">\n\t\t\t\t\t<div class=\"e-con-inner\">\n\t\t\t\t<div class=\"elementor-element elementor-element-41921d2 elementor-widget elementor-widget-html\" data-id=\"41921d2\" data-element_type=\"widget\" data-widget_type=\"html.default\">\n\t\t\t\t<div class=\"elementor-widget-container\">\n\t\t\t\t\t<!-- \u2705 LISTA DE VIDEOS -->\n<script>\n  const videoList = [\n    \"https:\/\/www.youtube.com\/embed\/whCrlBlrDyw\",\n    \"https:\/\/www.youtube.com\/embed\/qOLaxlanQE8\",\n    \"https:\/\/www.youtube.com\/embed\/peJ-ykJTh0o\",\n    \"https:\/\/www.youtube.com\/embed\/dwp0gmsv1PE\",\n    \"https:\/\/www.youtube.com\/embed\/WkmMlWA8Hco\",\n    \"https:\/\/www.youtube.com\/embed\/jVEy7ZWftSg\",\n    \"https:\/\/www.youtube.com\/embed\/BRNv6IcMY9A\",\n    \"https:\/\/www.youtube.com\/embed\/l8FniXwcpCk\",\n    \"https:\/\/www.youtube.com\/embed\/YVD8QxPkpis\",\n    \"https:\/\/www.youtube.com\/embed\/58fw5ITelCg\",\n    \n    \"https:\/\/www.youtube.com\/embed\/_E27Pa2vMPo\",\n    \"https:\/\/www.youtube.com\/embed\/njPZiPomcbc\",\n    \"https:\/\/www.youtube.com\/embed\/2GMcRiSO4xY\",\n    \"https:\/\/www.youtube.com\/embed\/a16pw4hBQvE\",\n    \"https:\/\/www.youtube.com\/embed\/jzjLixGEfS4\",\n    \"https:\/\/www.youtube.com\/embed\/WjpH_dLQ_yU\",\n    \"https:\/\/www.youtube.com\/embed\/CWJhRIyrDNg\",\n    \"https:\/\/www.youtube.com\/embed\/eex415g-Fs4\",\n    \"https:\/\/www.youtube.com\/embed\/33CaHNxSmt8\",\n    \"https:\/\/www.youtube.com\/embed\/5Yjej2IjHmw\",\n    \n\"https:\/\/www.youtube.com\/embed\/jzjLixGEfS4\",\n\"https:\/\/www.youtube.com\/embed\/YVD8QxPkpis\",\n\"https:\/\/www.youtube.com\/embed\/5Yjej2IjHmw\",\n\"https:\/\/www.youtube.com\/embed\/njPZiPomcbc\",\n\"https:\/\/www.youtube.com\/embed\/WjpH_dLQ_yU\",\n\"https:\/\/www.youtube.com\/embed\/qOLaxlanQE8\",\n\"https:\/\/www.youtube.com\/embed\/CWJhRIyrDNg\",\n\"https:\/\/www.youtube.com\/embed\/BRNv6IcMY9A\",\n\"https:\/\/www.youtube.com\/embed\/a16pw4hBQvE\",\n\"https:\/\/www.youtube.com\/embed\/58fw5ITelCg\",\n    \n\"https:\/\/www.youtube.com\/embed\/2GMcRiSO4xY\",\n\"https:\/\/www.youtube.com\/embed\/_E27Pa2vMPo\",\n\"https:\/\/www.youtube.com\/embed\/dwp0gmsv1PE\",\n\"https:\/\/www.youtube.com\/embed\/33CaHNxSmt8\",\n\"https:\/\/www.youtube.com\/embed\/WkmMlWA8Hco\",\n\"https:\/\/www.youtube.com\/embed\/l8FniXwcpCk\",\n\"https:\/\/www.youtube.com\/embed\/eex415g-Fs4\",\n\"https:\/\/www.youtube.com\/embed\/peJ-ykJTh0o\",\n\"https:\/\/www.youtube.com\/embed\/jVEy7ZWftSg\",\n\"https:\/\/www.youtube.com\/embed\/whCrlBlrDyw\"\n\n  ];\n<\/script>\n\n<!-- \u2705 CARRUSELES -->\n<div class=\"video-carousel-wrapper\">\n  <h2>Dise\u00f1os 1 al 10<\/h2>\n  <div class=\"swiper\"><div class=\"swiper-wrapper\"><\/div>\n    <div class=\"pagination-with-arrows\">\n      <div class=\"swiper-button-prev\"><\/div>\n      <div class=\"swiper-button-next\"><\/div>\n    <\/div>\n    <div class=\"swiper-pagination\"><\/div>\n  <\/div>\n<\/div>\n<div class=\"video-carousel-wrapper\">\n  <h2>Dise\u00f1os 11 al 20<\/h2>\n  <div class=\"swiper\"><div class=\"swiper-wrapper\"><\/div>\n    <div class=\"pagination-with-arrows\">\n      <div class=\"swiper-button-prev\"><\/div>\n      <div class=\"swiper-button-next\"><\/div>\n    <\/div>\n    <div class=\"swiper-pagination\"><\/div>\n  <\/div>\n<\/div>\n<div class=\"video-carousel-wrapper\">\n  <h2>Dise\u00f1os 21 al 30<\/h2>\n  <div class=\"swiper\"><div class=\"swiper-wrapper\"><\/div>\n    <div class=\"pagination-with-arrows\">\n      <div class=\"swiper-button-prev\"><\/div>\n      <div class=\"swiper-button-next\"><\/div>\n    <\/div>\n    <div class=\"swiper-pagination\"><\/div>\n  <\/div>\n<\/div>\n<div class=\"video-carousel-wrapper\">\n  <h2>Dise\u00f1os 31 al 40<\/h2>\n  <div class=\"swiper\"><div class=\"swiper-wrapper\"><\/div>\n    <div class=\"pagination-with-arrows\">\n      <div class=\"swiper-button-prev\"><\/div>\n      <div class=\"swiper-button-next\"><\/div>\n    <\/div>\n    <div class=\"swiper-pagination\"><\/div>\n  <\/div>\n<\/div>\n\n<!-- \u2705 Swiper -->\n<link rel=\"stylesheet\" href=\"https:\/\/cdn.jsdelivr.net\/npm\/swiper@11\/swiper-bundle.min.css\" \/>\n<script src=\"https:\/\/cdn.jsdelivr.net\/npm\/swiper@11\/swiper-bundle.min.js\"><\/script>\n\n<!-- \u2705 SCRIPT FUNCIONAL -->\n<script>\n  const groupSize = 10;\n  const wrappers = document.querySelectorAll('.video-carousel-wrapper');\n\n  wrappers.forEach((wrapper, index) => {\n    const start = index * groupSize;\n    const end = start + groupSize;\n    const videosForThis = videoList.slice(start, end);\n\n    const swiperContainer = wrapper.querySelector('.swiper');\n    const swiperWrapper = wrapper.querySelector('.swiper-wrapper');\n    const prevBtn = wrapper.querySelector('.swiper-button-prev');\n    const nextBtn = wrapper.querySelector('.swiper-button-next');\n    const pagination = wrapper.querySelector('.swiper-pagination');\n\n    videosForThis.forEach(url => {\n      const youtubeId = url.split(\"\/embed\/\")[1];\n      const thumbnailUrl = `https:\/\/img.youtube.com\/vi\/${youtubeId}\/hqdefault.jpg`;\n\n      const slide = document.createElement('div');\n      slide.className = 'swiper-slide';\n      slide.innerHTML = `\n        <div class=\"video-card\" data-url=\"${url}\">\n          <div class=\"video-thumb\" style=\"background-image: url('${thumbnailUrl}')\">\n            <div class=\"play-button\">\u25b6<\/div>\n          <\/div>\n        <\/div>\n      `;\n      swiperWrapper.appendChild(slide);\n    });\n\n    swiperWrapper.addEventListener('click', e => {\n      const card = e.target.closest('.video-card');\n      if (!card || card.querySelector('iframe')) return;\n\n      const url = card.dataset.url;\n      card.innerHTML = `\n        <div class=\"video-iframe-wrapper\">\n          <iframe src=\"${url}?autoplay=1&enablejsapi=1\" allowfullscreen loading=\"lazy\"><\/iframe>\n        <\/div>\n      `;\n    });\n\n    const swiper = new Swiper(swiperContainer, {\n      loop: true,\n      navigation: {\n        nextEl: nextBtn,\n        prevEl: prevBtn\n      },\n      pagination: {\n        el: pagination,\n        clickable: true\n      }\n    });\n\n    swiper.on('slideChange', () => {\n      swiperWrapper.querySelectorAll('iframe').forEach(iframe => {\n        iframe.contentWindow.postMessage('{\"event\":\"command\",\"func\":\"pauseVideo\",\"args\":\"\"}', '*');\n      });\n    });\n  });\n<\/script>\n\n<!-- \u2705 ESTILOS -->\n<style>\n.video-carousel-wrapper {\n  background: #1e293b;\n  padding: 40px 20px;\n  margin-bottom: 40px;\n  border-radius: 16px;\n  color: white;\n  font-family: 'Segoe UI', sans-serif;\n  text-align: center;\n}\n.video-carousel-wrapper h2 {\n  font-size: 1.8rem;\n  margin-bottom: 20px;\n  color: #fff7ed;\n  text-shadow: 0 0 6px #fff3a3, 0 0 12px #fff3a3;\n}\n.swiper {\n  max-width: 900px;\n  margin: auto;\n  position: relative;\n}\n.video-card {\n  background: black;\n  padding: 10px;\n  border-radius: 16px;\n  box-shadow: 0 8px 24px rgba(0, 0, 0, 0.4);\n  cursor: pointer;\n}\n.video-thumb {\n  width: 100%;\n  aspect-ratio: 16\/9;\n  background-size: cover;\n  background-position: center;\n  border-radius: 12px;\n  position: relative;\n}\n.video-iframe-wrapper {\n  width: 100%;\n  aspect-ratio: 16 \/ 9;\n  border-radius: 12px;\n  overflow: hidden;\n}\n.video-iframe-wrapper iframe {\n  width: 100%;\n  height: 100%;\n  border: none;\n  display: block;\n}\n@media (max-width: 768px) {\n  .video-thumb {\n    aspect-ratio: 9 \/ 16;\n  }\n  .video-iframe-wrapper {\n    aspect-ratio: 9 \/ 16;\n  }\n}\n.play-button {\n  position: absolute;\n  top: 50%;\n  left: 50%;\n  transform: translate(-50%, -50%);\n  font-size: 48px;\n  color: white;\n  text-shadow: 0 0 10px black;\n  pointer-events: none;\n}\n.pagination-with-arrows {\n  display: flex;\n  justify-content: center;\n  align-items: center;\n  margin-top: 20px;\n  gap: 150px;\n}\n.swiper-button-prev,\n.swiper-button-next {\n  position: relative;\n  z-index: 10;\n  cursor: pointer;\n  background: rgba(255,255,255,0.15);\n  width: 50px;\n  height: 50px;\n  border-radius: 50%;\n  display: flex;\n  align-items: center;\n  justify-content: center;\n}\n.swiper-button-prev:hover,\n.swiper-button-next:hover {\n  background: #38bdf8;\n}\n.swiper-pagination {\n  display: flex;\n  justify-content: center;\n  margin-top: 10px;\n  gap: 0.5px;\n}\n.swiper-pagination-bullet {\n  width: 12px;\n  height: 12px;\n  background: #cbd5e1;\n  border-radius: 50%;\n  opacity: 0.5;\n  transition: all 0.3s;\n}\n.swiper-pagination-bullet-active {\n  background: #38bdf8;\n  opacity: 1;\n}\n<\/style>\n\t\t\t\t<\/div>\n\t\t\t\t<\/div>\n\t\t\t\t\t<\/div>\n\t\t\t\t<\/div>\n\t\t\t\t<\/div>\n\t\t","protected":false},"excerpt":{"rendered":"<p>Cumplea\u00f1os J\u00f3venes y Adultos Invitaciones para cumplea\u00f1os, modernas y f\u00e1ciles de compartir Dise\u00f1os 1 al 10 Dise\u00f1os 11 al 20 Dise\u00f1os 21 al 30 Dise\u00f1os 31 al 40<\/p>\n","protected":false},"author":1,"featured_media":0,"parent":0,"menu_order":0,"comment_status":"closed","ping_status":"closed","template":"","meta":{"site-sidebar-layout":"no-sidebar","site-content-layout":"page-builder","ast-site-content-layout":"full-width-container","site-content-style":"default","site-sidebar-style":"default","ast-global-header-display":"","ast-banner-title-visibility":"","ast-main-header-display":"","ast-hfb-above-header-display":"","ast-hfb-below-header-display":"","ast-hfb-mobile-header-display":"","site-post-title":"disabled","ast-breadcrumbs-content":"","ast-featured-img":"disabled","footer-sml-layout":"","theme-transparent-header-meta":"","adv-header-id-meta":"","stick-header-meta":"","header-above-stick-meta":"","header-main-stick-meta":"","header-below-stick-meta":"","astra-migrate-meta-layouts":"set","ast-page-background-enabled":"default","ast-page-background-meta":{"desktop":{"background-color":"var(--ast-global-color-4)","background-image":"","background-repeat":"repeat","background-position":"center center","background-size":"auto","background-attachment":"scroll","background-type":"","background-media":"","overlay-type":"","overlay-color":"","overlay-opacity":"","overlay-gradient":""},"tablet":{"background-color":"","background-image":"","background-repeat":"repeat","background-position":"center center","background-size":"auto","background-attachment":"scroll","background-type":"","background-media":"","overlay-type":"","overlay-color":"","overlay-opacity":"","overlay-gradient":""},"mobile":{"background-color":"","background-image":"","background-repeat":"repeat","background-position":"center center","background-size":"auto","background-attachment":"scroll","background-type":"","background-media":"","overlay-type":"","overlay-color":"","overlay-opacity":"","overlay-gradient":""}},"ast-content-background-meta":{"desktop":{"background-color":"var(--ast-global-color-5)","background-image":"","background-repeat":"repeat","background-position":"center center","background-size":"auto","background-attachment":"scroll","background-type":"","background-media":"","overlay-type":"","overlay-color":"","overlay-opacity":"","overlay-gradient":""},"tablet":{"background-color":"var(--ast-global-color-5)","background-image":"","background-repeat":"repeat","background-position":"center center","background-size":"auto","background-attachment":"scroll","background-type":"","background-media":"","overlay-type":"","overlay-color":"","overlay-opacity":"","overlay-gradient":""},"mobile":{"background-color":"var(--ast-global-color-5)","background-image":"","background-repeat":"repeat","background-position":"center center","background-size":"auto","background-attachment":"scroll","background-type":"","background-media":"","overlay-type":"","overlay-color":"","overlay-opacity":"","overlay-gradient":""}},"footnotes":""},"class_list":["post-2030","page","type-page","status-publish","hentry"],"yoast_head":"<!-- This site is optimized with the Yoast SEO plugin v25.8 - https:\/\/yoast.com\/wordpress\/plugins\/seo\/ -->\n<title>cumple adulto - Tus Invitaciones Digitales<\/title>\n<meta name=\"robots\" content=\"index, follow, max-snippet:-1, max-image-preview:large, max-video-preview:-1\" \/>\n<link rel=\"canonical\" href=\"https:\/\/tusinvitacionesdigitales.com\/index.php\/cumple-adulto\/\" \/>\n<meta property=\"og:locale\" content=\"es_ES\" \/>\n<meta property=\"og:type\" content=\"article\" \/>\n<meta property=\"og:title\" content=\"cumple adulto - Tus Invitaciones Digitales\" \/>\n<meta property=\"og:description\" content=\"Cumplea\u00f1os J\u00f3venes y Adultos Invitaciones para cumplea\u00f1os, modernas y f\u00e1ciles de compartir Dise\u00f1os 1 al 10 Dise\u00f1os 11 al 20 Dise\u00f1os 21 al 30 Dise\u00f1os 31 al 40\" \/>\n<meta property=\"og:url\" content=\"https:\/\/tusinvitacionesdigitales.com\/index.php\/cumple-adulto\/\" \/>\n<meta property=\"og:site_name\" content=\"Tus Invitaciones Digitales\" \/>\n<meta property=\"article:modified_time\" content=\"2025-08-26T03:10:54+00:00\" \/>\n<meta name=\"twitter:card\" content=\"summary_large_image\" \/>\n<script type=\"application\/ld+json\" class=\"yoast-schema-graph\">{\"@context\":\"https:\/\/schema.org\",\"@graph\":[{\"@type\":\"WebPage\",\"@id\":\"https:\/\/tusinvitacionesdigitales.com\/index.php\/cumple-adulto\/\",\"url\":\"https:\/\/tusinvitacionesdigitales.com\/index.php\/cumple-adulto\/\",\"name\":\"cumple adulto - Tus Invitaciones Digitales\",\"isPartOf\":{\"@id\":\"https:\/\/tusinvitacionesdigitales.com\/#website\"},\"datePublished\":\"2025-08-26T02:48:14+00:00\",\"dateModified\":\"2025-08-26T03:10:54+00:00\",\"breadcrumb\":{\"@id\":\"https:\/\/tusinvitacionesdigitales.com\/index.php\/cumple-adulto\/#breadcrumb\"},\"inLanguage\":\"es\",\"potentialAction\":[{\"@type\":\"ReadAction\",\"target\":[\"https:\/\/tusinvitacionesdigitales.com\/index.php\/cumple-adulto\/\"]}]},{\"@type\":\"BreadcrumbList\",\"@id\":\"https:\/\/tusinvitacionesdigitales.com\/index.php\/cumple-adulto\/#breadcrumb\",\"itemListElement\":[{\"@type\":\"ListItem\",\"position\":1,\"name\":\"Portada\",\"item\":\"https:\/\/tusinvitacionesdigitales.com\/\"},{\"@type\":\"ListItem\",\"position\":2,\"name\":\"cumple adulto\"}]},{\"@type\":\"WebSite\",\"@id\":\"https:\/\/tusinvitacionesdigitales.com\/#website\",\"url\":\"https:\/\/tusinvitacionesdigitales.com\/\",\"name\":\"Tus Invitaciones Digitales\",\"description\":\"Crea invitaciones digitales \u00fanicas para tus eventos: cumplea\u00f1os, bodas, misas y m\u00e1s. Dise\u00f1o profesional listo para compartir\",\"publisher\":{\"@id\":\"https:\/\/tusinvitacionesdigitales.com\/#organization\"},\"potentialAction\":[{\"@type\":\"SearchAction\",\"target\":{\"@type\":\"EntryPoint\",\"urlTemplate\":\"https:\/\/tusinvitacionesdigitales.com\/?s={search_term_string}\"},\"query-input\":{\"@type\":\"PropertyValueSpecification\",\"valueRequired\":true,\"valueName\":\"search_term_string\"}}],\"inLanguage\":\"es\"},{\"@type\":\"Organization\",\"@id\":\"https:\/\/tusinvitacionesdigitales.com\/#organization\",\"name\":\"Tus Invitaciones Digitales\",\"url\":\"https:\/\/tusinvitacionesdigitales.com\/\",\"logo\":{\"@type\":\"ImageObject\",\"inLanguage\":\"es\",\"@id\":\"https:\/\/tusinvitacionesdigitales.com\/#\/schema\/logo\/image\/\",\"url\":\"https:\/\/tusinvitacionesdigitales.com\/wp-content\/uploads\/2025\/07\/5.png\",\"contentUrl\":\"https:\/\/tusinvitacionesdigitales.com\/wp-content\/uploads\/2025\/07\/5.png\",\"width\":350,\"height\":100,\"caption\":\"Tus Invitaciones Digitales\"},\"image\":{\"@id\":\"https:\/\/tusinvitacionesdigitales.com\/#\/schema\/logo\/image\/\"}}]}<\/script>\n<!-- \/ Yoast SEO plugin. -->","yoast_head_json":{"title":"cumple adulto - Tus Invitaciones Digitales","robots":{"index":"index","follow":"follow","max-snippet":"max-snippet:-1","max-image-preview":"max-image-preview:large","max-video-preview":"max-video-preview:-1"},"canonical":"https:\/\/tusinvitacionesdigitales.com\/index.php\/cumple-adulto\/","og_locale":"es_ES","og_type":"article","og_title":"cumple adulto - Tus Invitaciones Digitales","og_description":"Cumplea\u00f1os J\u00f3venes y Adultos Invitaciones para cumplea\u00f1os, modernas y f\u00e1ciles de compartir Dise\u00f1os 1 al 10 Dise\u00f1os 11 al 20 Dise\u00f1os 21 al 30 Dise\u00f1os 31 al 40","og_url":"https:\/\/tusinvitacionesdigitales.com\/index.php\/cumple-adulto\/","og_site_name":"Tus Invitaciones Digitales","article_modified_time":"2025-08-26T03:10:54+00:00","twitter_card":"summary_large_image","schema":{"@context":"https:\/\/schema.org","@graph":[{"@type":"WebPage","@id":"https:\/\/tusinvitacionesdigitales.com\/index.php\/cumple-adulto\/","url":"https:\/\/tusinvitacionesdigitales.com\/index.php\/cumple-adulto\/","name":"cumple adulto - Tus Invitaciones Digitales","isPartOf":{"@id":"https:\/\/tusinvitacionesdigitales.com\/#website"},"datePublished":"2025-08-26T02:48:14+00:00","dateModified":"2025-08-26T03:10:54+00:00","breadcrumb":{"@id":"https:\/\/tusinvitacionesdigitales.com\/index.php\/cumple-adulto\/#breadcrumb"},"inLanguage":"es","potentialAction":[{"@type":"ReadAction","target":["https:\/\/tusinvitacionesdigitales.com\/index.php\/cumple-adulto\/"]}]},{"@type":"BreadcrumbList","@id":"https:\/\/tusinvitacionesdigitales.com\/index.php\/cumple-adulto\/#breadcrumb","itemListElement":[{"@type":"ListItem","position":1,"name":"Portada","item":"https:\/\/tusinvitacionesdigitales.com\/"},{"@type":"ListItem","position":2,"name":"cumple adulto"}]},{"@type":"WebSite","@id":"https:\/\/tusinvitacionesdigitales.com\/#website","url":"https:\/\/tusinvitacionesdigitales.com\/","name":"Tus Invitaciones Digitales","description":"Crea invitaciones digitales \u00fanicas para tus eventos: cumplea\u00f1os, bodas, misas y m\u00e1s. Dise\u00f1o profesional listo para compartir","publisher":{"@id":"https:\/\/tusinvitacionesdigitales.com\/#organization"},"potentialAction":[{"@type":"SearchAction","target":{"@type":"EntryPoint","urlTemplate":"https:\/\/tusinvitacionesdigitales.com\/?s={search_term_string}"},"query-input":{"@type":"PropertyValueSpecification","valueRequired":true,"valueName":"search_term_string"}}],"inLanguage":"es"},{"@type":"Organization","@id":"https:\/\/tusinvitacionesdigitales.com\/#organization","name":"Tus Invitaciones Digitales","url":"https:\/\/tusinvitacionesdigitales.com\/","logo":{"@type":"ImageObject","inLanguage":"es","@id":"https:\/\/tusinvitacionesdigitales.com\/#\/schema\/logo\/image\/","url":"https:\/\/tusinvitacionesdigitales.com\/wp-content\/uploads\/2025\/07\/5.png","contentUrl":"https:\/\/tusinvitacionesdigitales.com\/wp-content\/uploads\/2025\/07\/5.png","width":350,"height":100,"caption":"Tus Invitaciones Digitales"},"image":{"@id":"https:\/\/tusinvitacionesdigitales.com\/#\/schema\/logo\/image\/"}}]}},"_links":{"self":[{"href":"https:\/\/tusinvitacionesdigitales.com\/index.php\/wp-json\/wp\/v2\/pages\/2030","targetHints":{"allow":["GET"]}}],"collection":[{"href":"https:\/\/tusinvitacionesdigitales.com\/index.php\/wp-json\/wp\/v2\/pages"}],"about":[{"href":"https:\/\/tusinvitacionesdigitales.com\/index.php\/wp-json\/wp\/v2\/types\/page"}],"author":[{"embeddable":true,"href":"https:\/\/tusinvitacionesdigitales.com\/index.php\/wp-json\/wp\/v2\/users\/1"}],"replies":[{"embeddable":true,"href":"https:\/\/tusinvitacionesdigitales.com\/index.php\/wp-json\/wp\/v2\/comments?post=2030"}],"version-history":[{"count":19,"href":"https:\/\/tusinvitacionesdigitales.com\/index.php\/wp-json\/wp\/v2\/pages\/2030\/revisions"}],"predecessor-version":[{"id":2051,"href":"https:\/\/tusinvitacionesdigitales.com\/index.php\/wp-json\/wp\/v2\/pages\/2030\/revisions\/2051"}],"wp:attachment":[{"href":"https:\/\/tusinvitacionesdigitales.com\/index.php\/wp-json\/wp\/v2\/media?parent=2030"}],"curies":[{"name":"wp","href":"https:\/\/api.w.org\/{rel}","templated":true}]}}