{"id":1970,"date":"2025-08-10T01:45:43","date_gmt":"2025-08-10T01:45:43","guid":{"rendered":"https:\/\/tusinvitacionesdigitales.com\/?page_id=1970"},"modified":"2025-08-10T02:21:47","modified_gmt":"2025-08-10T02:21:47","slug":"cumple-infantil","status":"publish","type":"page","link":"https:\/\/tusinvitacionesdigitales.com\/index.php\/cumple-infantil\/","title":{"rendered":"cumple infantil"},"content":{"rendered":"\t\t<div data-elementor-type=\"wp-page\" data-elementor-id=\"1970\" class=\"elementor elementor-1970\" data-elementor-post-type=\"page\">\n\t\t\t\t<div class=\"elementor-element elementor-element-065a5ad e-con-full e-flex e-con e-parent\" data-id=\"065a5ad\" data-element_type=\"container\">\n\t\t\t\t<div class=\"elementor-element elementor-element-7ae3a2e elementor-widget elementor-widget-heading\" data-id=\"7ae3a2e\" data-element_type=\"widget\" data-widget_type=\"heading.default\">\n\t\t\t\t<div class=\"elementor-widget-container\">\n\t\t\t\t\t<h2 class=\"elementor-heading-title elementor-size-default\">Cumplea\u00f1os Infantil<\/h2>\t\t\t\t<\/div>\n\t\t\t\t<\/div>\n\t\t\t\t<div class=\"elementor-element elementor-element-4351b44 elementor-widget elementor-widget-text-editor\" data-id=\"4351b44\" data-element_type=\"widget\" data-widget_type=\"text-editor.default\">\n\t\t\t\t<div class=\"elementor-widget-container\">\n\t\t\t\t\t\t\t\t\t<p>Celebraci\u00f3n para el engreido de la casa<\/p>\t\t\t\t\t\t\t\t<\/div>\n\t\t\t\t<\/div>\n\t\t<div class=\"elementor-element elementor-element-73f654c e-con-full e-flex e-con e-child\" data-id=\"73f654c\" data-element_type=\"container\">\n\t\t\t\t<div class=\"elementor-element elementor-element-2895734 elementor-widget elementor-widget-html\" data-id=\"2895734\" data-element_type=\"widget\" data-widget_type=\"html.default\">\n\t\t\t\t<div class=\"elementor-widget-container\">\n\t\t\t\t\t<!DOCTYPE html>\n<html lang=\"es\">\n<head>\n  <meta charset=\"UTF-8\" \/>\n  <meta name=\"viewport\" content=\"width=device-width, initial-scale=1.0\" \/>\n  <title>Carrusel TikTok Responsive<\/title>\n  <link rel=\"stylesheet\" href=\"https:\/\/cdn.jsdelivr.net\/npm\/swiper@11\/swiper-bundle.min.css\" \/>\n  <style>\n    body {\n      font-family: Arial, sans-serif;\n      margin: 0;\n      background: #f9f9f9;\n    }\n    .swiper {\n      width: 100%;\n      padding: 20px 0;\n    }\n    .swiper-slide {\n      display: flex;\n      justify-content: center;\n      align-items: center;\n    }\n    iframe {\n      width: 100%;\n      max-width: 300px;\n      height: 500px;\n      border-radius: 12px;\n      border: none;\n      box-shadow: 0 4px 12px rgba(0,0,0,0.1);\n      background: white;\n    }\n    \/* Botones m\u00e1s visibles en celular *\/\n    .swiper-button-next, .swiper-button-prev {\n      color: #ff0050; \/* color TikTok *\/\n      background: rgba(255,255,255,0.8);\n      border-radius: 50%;\n      width: 40px;\n      height: 40px;\n    }\n    .swiper-pagination-bullet {\n      background: #ff0050;\n      opacity: 0.8;\n    }\n  <\/style>\n<\/head>\n<body>\n\n<!-- Carrusel -->\n<div class=\"swiper mySwiper\">\n  <div class=\"swiper-wrapper\">\n    <!-- Repetimos los videos -->\n    <div class=\"swiper-slide\">\n      <iframe src=\"https:\/\/www.tiktok.com\/embed\/7502629960104922386?autoplay=0&muted=1\" allowfullscreen><\/iframe>\n    <\/div>\n    <div class=\"swiper-slide\">\n      <iframe src=\"https:\/\/www.tiktok.com\/embed\/7521472086561295672?autoplay=0&muted=1\" allowfullscreen><\/iframe>\n    <\/div>\n    <div class=\"swiper-slide\">\n      <iframe src=\"https:\/\/www.tiktok.com\/embed\/7502629960104922386?autoplay=0&muted=1\" allowfullscreen><\/iframe>\n    <\/div>\n    <div class=\"swiper-slide\">\n      <iframe src=\"https:\/\/www.tiktok.com\/embed\/7521472086561295672?autoplay=0&muted=1\" allowfullscreen><\/iframe>\n    <\/div>\n    <div class=\"swiper-slide\">\n      <iframe src=\"https:\/\/www.tiktok.com\/embed\/7502629960104922386?autoplay=0&muted=1\" allowfullscreen><\/iframe>\n    <\/div>\n    <div class=\"swiper-slide\">\n      <iframe src=\"https:\/\/www.tiktok.com\/embed\/7521472086561295672?autoplay=0&muted=1\" allowfullscreen><\/iframe>\n    <\/div>\n    <div class=\"swiper-slide\">\n      <iframe src=\"https:\/\/www.tiktok.com\/embed\/7502629960104922386?autoplay=0&muted=1\" allowfullscreen><\/iframe>\n    <\/div>\n    <div class=\"swiper-slide\">\n      <iframe src=\"https:\/\/www.tiktok.com\/embed\/7521472086561295672?autoplay=0&muted=1\" allowfullscreen><\/iframe>\n    <\/div>\n    <div class=\"swiper-slide\">\n      <iframe src=\"https:\/\/www.tiktok.com\/embed\/7502629960104922386?autoplay=0&muted=1\" allowfullscreen><\/iframe>\n    <\/div>\n    <div class=\"swiper-slide\">\n      <iframe src=\"https:\/\/www.tiktok.com\/embed\/7521472086561295672?autoplay=0&muted=1\" allowfullscreen><\/iframe>\n    <\/div>\n  <\/div>\n  <!-- Controles -->\n  <div class=\"swiper-button-next\"><\/div>\n  <div class=\"swiper-button-prev\"><\/div>\n  <div class=\"swiper-pagination\"><\/div>\n<\/div>\n\n<script src=\"https:\/\/cdn.jsdelivr.net\/npm\/swiper@11\/swiper-bundle.min.js\"><\/script>\n<script>\n  var swiper = new Swiper(\".mySwiper\", {\n    spaceBetween: 20,\n    navigation: {\n      nextEl: \".swiper-button-next\",\n      prevEl: \".swiper-button-prev\",\n    },\n    pagination: {\n      el: \".swiper-pagination\",\n      clickable: true,\n    },\n    grabCursor: true,\n    breakpoints: {\n      320: { slidesPerView: 1 },  \/* Celulares *\/\n      768: { slidesPerView: 2 },  \/* Tablets *\/\n      1024: { slidesPerView: 3 }  \/* Escritorio *\/\n    }\n  });\n<\/script>\n\n<\/body>\n<\/html>\n\n\n\n\t\t\t\t<\/div>\n\t\t\t\t<\/div>\n\t\t\t\t<\/div>\n\t\t\t\t<\/div>\n\t\t\t\t<\/div>\n\t\t","protected":false},"excerpt":{"rendered":"<p>Cumplea\u00f1os Infantil Celebraci\u00f3n para el engreido de la casa Carrusel TikTok Responsive<\/p>\n","protected":false},"author":1,"featured_media":0,"parent":0,"menu_order":0,"comment_status":"closed","ping_status":"closed","template":"","meta":{"site-sidebar-layout":"no-sidebar","site-content-layout":"page-builder","ast-site-content-layout":"full-width-container","site-content-style":"default","site-sidebar-style":"default","ast-global-header-display":"","ast-banner-title-visibility":"","ast-main-header-display":"","ast-hfb-above-header-display":"","ast-hfb-below-header-display":"","ast-hfb-mobile-header-display":"","site-post-title":"disabled","ast-breadcrumbs-content":"","ast-featured-img":"disabled","footer-sml-layout":"","theme-transparent-header-meta":"","adv-header-id-meta":"","stick-header-meta":"","header-above-stick-meta":"","header-main-stick-meta":"","header-below-stick-meta":"","astra-migrate-meta-layouts":"set","ast-page-background-enabled":"default","ast-page-background-meta":{"desktop":{"background-color":"var(--ast-global-color-4)","background-image":"","background-repeat":"repeat","background-position":"center center","background-size":"auto","background-attachment":"scroll","background-type":"","background-media":"","overlay-type":"","overlay-color":"","overlay-opacity":"","overlay-gradient":""},"tablet":{"background-color":"","background-image":"","background-repeat":"repeat","background-position":"center center","background-size":"auto","background-attachment":"scroll","background-type":"","background-media":"","overlay-type":"","overlay-color":"","overlay-opacity":"","overlay-gradient":""},"mobile":{"background-color":"","background-image":"","background-repeat":"repeat","background-position":"center center","background-size":"auto","background-attachment":"scroll","background-type":"","background-media":"","overlay-type":"","overlay-color":"","overlay-opacity":"","overlay-gradient":""}},"ast-content-background-meta":{"desktop":{"background-color":"var(--ast-global-color-5)","background-image":"","background-repeat":"repeat","background-position":"center center","background-size":"auto","background-attachment":"scroll","background-type":"","background-media":"","overlay-type":"","overlay-color":"","overlay-opacity":"","overlay-gradient":""},"tablet":{"background-color":"var(--ast-global-color-5)","background-image":"","background-repeat":"repeat","background-position":"center center","background-size":"auto","background-attachment":"scroll","background-type":"","background-media":"","overlay-type":"","overlay-color":"","overlay-opacity":"","overlay-gradient":""},"mobile":{"background-color":"var(--ast-global-color-5)","background-image":"","background-repeat":"repeat","background-position":"center center","background-size":"auto","background-attachment":"scroll","background-type":"","background-media":"","overlay-type":"","overlay-color":"","overlay-opacity":"","overlay-gradient":""}},"footnotes":""},"class_list":["post-1970","page","type-page","status-publish","hentry"],"yoast_head":"<!-- This site is optimized with the Yoast SEO plugin v25.8 - https:\/\/yoast.com\/wordpress\/plugins\/seo\/ -->\n<title>cumple infantil - Tus Invitaciones Digitales<\/title>\n<meta name=\"robots\" content=\"index, follow, max-snippet:-1, max-image-preview:large, max-video-preview:-1\" \/>\n<link rel=\"canonical\" href=\"https:\/\/tusinvitacionesdigitales.com\/index.php\/cumple-infantil\/\" \/>\n<meta property=\"og:locale\" content=\"es_ES\" \/>\n<meta property=\"og:type\" content=\"article\" \/>\n<meta property=\"og:title\" content=\"cumple infantil - Tus Invitaciones Digitales\" \/>\n<meta property=\"og:description\" content=\"Cumplea\u00f1os Infantil Celebraci\u00f3n para el engreido de la casa Carrusel TikTok Responsive\" \/>\n<meta property=\"og:url\" content=\"https:\/\/tusinvitacionesdigitales.com\/index.php\/cumple-infantil\/\" \/>\n<meta property=\"og:site_name\" content=\"Tus Invitaciones Digitales\" \/>\n<meta property=\"article:modified_time\" content=\"2025-08-10T02:21:47+00:00\" \/>\n<meta name=\"twitter:card\" content=\"summary_large_image\" \/>\n<script type=\"application\/ld+json\" class=\"yoast-schema-graph\">{\"@context\":\"https:\/\/schema.org\",\"@graph\":[{\"@type\":\"WebPage\",\"@id\":\"https:\/\/tusinvitacionesdigitales.com\/index.php\/cumple-infantil\/\",\"url\":\"https:\/\/tusinvitacionesdigitales.com\/index.php\/cumple-infantil\/\",\"name\":\"cumple infantil - Tus Invitaciones Digitales\",\"isPartOf\":{\"@id\":\"https:\/\/tusinvitacionesdigitales.com\/#website\"},\"datePublished\":\"2025-08-10T01:45:43+00:00\",\"dateModified\":\"2025-08-10T02:21:47+00:00\",\"breadcrumb\":{\"@id\":\"https:\/\/tusinvitacionesdigitales.com\/index.php\/cumple-infantil\/#breadcrumb\"},\"inLanguage\":\"es\",\"potentialAction\":[{\"@type\":\"ReadAction\",\"target\":[\"https:\/\/tusinvitacionesdigitales.com\/index.php\/cumple-infantil\/\"]}]},{\"@type\":\"BreadcrumbList\",\"@id\":\"https:\/\/tusinvitacionesdigitales.com\/index.php\/cumple-infantil\/#breadcrumb\",\"itemListElement\":[{\"@type\":\"ListItem\",\"position\":1,\"name\":\"Portada\",\"item\":\"https:\/\/tusinvitacionesdigitales.com\/\"},{\"@type\":\"ListItem\",\"position\":2,\"name\":\"cumple infantil\"}]},{\"@type\":\"WebSite\",\"@id\":\"https:\/\/tusinvitacionesdigitales.com\/#website\",\"url\":\"https:\/\/tusinvitacionesdigitales.com\/\",\"name\":\"Tus Invitaciones Digitales\",\"description\":\"Crea invitaciones digitales \u00fanicas para tus eventos: cumplea\u00f1os, bodas, misas y m\u00e1s. Dise\u00f1o profesional listo para compartir\",\"publisher\":{\"@id\":\"https:\/\/tusinvitacionesdigitales.com\/#organization\"},\"potentialAction\":[{\"@type\":\"SearchAction\",\"target\":{\"@type\":\"EntryPoint\",\"urlTemplate\":\"https:\/\/tusinvitacionesdigitales.com\/?s={search_term_string}\"},\"query-input\":{\"@type\":\"PropertyValueSpecification\",\"valueRequired\":true,\"valueName\":\"search_term_string\"}}],\"inLanguage\":\"es\"},{\"@type\":\"Organization\",\"@id\":\"https:\/\/tusinvitacionesdigitales.com\/#organization\",\"name\":\"Tus Invitaciones Digitales\",\"url\":\"https:\/\/tusinvitacionesdigitales.com\/\",\"logo\":{\"@type\":\"ImageObject\",\"inLanguage\":\"es\",\"@id\":\"https:\/\/tusinvitacionesdigitales.com\/#\/schema\/logo\/image\/\",\"url\":\"https:\/\/tusinvitacionesdigitales.com\/wp-content\/uploads\/2025\/07\/5.png\",\"contentUrl\":\"https:\/\/tusinvitacionesdigitales.com\/wp-content\/uploads\/2025\/07\/5.png\",\"width\":350,\"height\":100,\"caption\":\"Tus Invitaciones Digitales\"},\"image\":{\"@id\":\"https:\/\/tusinvitacionesdigitales.com\/#\/schema\/logo\/image\/\"}}]}<\/script>\n<!-- \/ Yoast SEO plugin. -->","yoast_head_json":{"title":"cumple infantil - Tus Invitaciones Digitales","robots":{"index":"index","follow":"follow","max-snippet":"max-snippet:-1","max-image-preview":"max-image-preview:large","max-video-preview":"max-video-preview:-1"},"canonical":"https:\/\/tusinvitacionesdigitales.com\/index.php\/cumple-infantil\/","og_locale":"es_ES","og_type":"article","og_title":"cumple infantil - Tus Invitaciones Digitales","og_description":"Cumplea\u00f1os Infantil Celebraci\u00f3n para el engreido de la casa Carrusel TikTok Responsive","og_url":"https:\/\/tusinvitacionesdigitales.com\/index.php\/cumple-infantil\/","og_site_name":"Tus Invitaciones Digitales","article_modified_time":"2025-08-10T02:21:47+00:00","twitter_card":"summary_large_image","schema":{"@context":"https:\/\/schema.org","@graph":[{"@type":"WebPage","@id":"https:\/\/tusinvitacionesdigitales.com\/index.php\/cumple-infantil\/","url":"https:\/\/tusinvitacionesdigitales.com\/index.php\/cumple-infantil\/","name":"cumple infantil - Tus Invitaciones Digitales","isPartOf":{"@id":"https:\/\/tusinvitacionesdigitales.com\/#website"},"datePublished":"2025-08-10T01:45:43+00:00","dateModified":"2025-08-10T02:21:47+00:00","breadcrumb":{"@id":"https:\/\/tusinvitacionesdigitales.com\/index.php\/cumple-infantil\/#breadcrumb"},"inLanguage":"es","potentialAction":[{"@type":"ReadAction","target":["https:\/\/tusinvitacionesdigitales.com\/index.php\/cumple-infantil\/"]}]},{"@type":"BreadcrumbList","@id":"https:\/\/tusinvitacionesdigitales.com\/index.php\/cumple-infantil\/#breadcrumb","itemListElement":[{"@type":"ListItem","position":1,"name":"Portada","item":"https:\/\/tusinvitacionesdigitales.com\/"},{"@type":"ListItem","position":2,"name":"cumple infantil"}]},{"@type":"WebSite","@id":"https:\/\/tusinvitacionesdigitales.com\/#website","url":"https:\/\/tusinvitacionesdigitales.com\/","name":"Tus Invitaciones Digitales","description":"Crea invitaciones digitales \u00fanicas para tus eventos: cumplea\u00f1os, bodas, misas y m\u00e1s. Dise\u00f1o profesional listo para compartir","publisher":{"@id":"https:\/\/tusinvitacionesdigitales.com\/#organization"},"potentialAction":[{"@type":"SearchAction","target":{"@type":"EntryPoint","urlTemplate":"https:\/\/tusinvitacionesdigitales.com\/?s={search_term_string}"},"query-input":{"@type":"PropertyValueSpecification","valueRequired":true,"valueName":"search_term_string"}}],"inLanguage":"es"},{"@type":"Organization","@id":"https:\/\/tusinvitacionesdigitales.com\/#organization","name":"Tus Invitaciones Digitales","url":"https:\/\/tusinvitacionesdigitales.com\/","logo":{"@type":"ImageObject","inLanguage":"es","@id":"https:\/\/tusinvitacionesdigitales.com\/#\/schema\/logo\/image\/","url":"https:\/\/tusinvitacionesdigitales.com\/wp-content\/uploads\/2025\/07\/5.png","contentUrl":"https:\/\/tusinvitacionesdigitales.com\/wp-content\/uploads\/2025\/07\/5.png","width":350,"height":100,"caption":"Tus Invitaciones Digitales"},"image":{"@id":"https:\/\/tusinvitacionesdigitales.com\/#\/schema\/logo\/image\/"}}]}},"_links":{"self":[{"href":"https:\/\/tusinvitacionesdigitales.com\/index.php\/wp-json\/wp\/v2\/pages\/1970","targetHints":{"allow":["GET"]}}],"collection":[{"href":"https:\/\/tusinvitacionesdigitales.com\/index.php\/wp-json\/wp\/v2\/pages"}],"about":[{"href":"https:\/\/tusinvitacionesdigitales.com\/index.php\/wp-json\/wp\/v2\/types\/page"}],"author":[{"embeddable":true,"href":"https:\/\/tusinvitacionesdigitales.com\/index.php\/wp-json\/wp\/v2\/users\/1"}],"replies":[{"embeddable":true,"href":"https:\/\/tusinvitacionesdigitales.com\/index.php\/wp-json\/wp\/v2\/comments?post=1970"}],"version-history":[{"count":31,"href":"https:\/\/tusinvitacionesdigitales.com\/index.php\/wp-json\/wp\/v2\/pages\/1970\/revisions"}],"predecessor-version":[{"id":2001,"href":"https:\/\/tusinvitacionesdigitales.com\/index.php\/wp-json\/wp\/v2\/pages\/1970\/revisions\/2001"}],"wp:attachment":[{"href":"https:\/\/tusinvitacionesdigitales.com\/index.php\/wp-json\/wp\/v2\/media?parent=1970"}],"curies":[{"name":"wp","href":"https:\/\/api.w.org\/{rel}","templated":true}]}}