{"id":1763,"date":"2025-08-08T00:22:42","date_gmt":"2025-08-08T00:22:42","guid":{"rendered":"https:\/\/tusinvitacionesdigitales.com\/?page_id=1763"},"modified":"2025-08-08T00:35:28","modified_gmt":"2025-08-08T00:35:28","slug":"misa-de-honras-personalizado","status":"publish","type":"page","link":"https:\/\/tusinvitacionesdigitales.com\/index.php\/misa-de-honras-personalizado\/","title":{"rendered":"Misa de Honras Personalizado"},"content":{"rendered":"\t\t<div data-elementor-type=\"wp-page\" data-elementor-id=\"1763\" class=\"elementor elementor-1763\" data-elementor-post-type=\"page\">\n\t\t\t\t<div class=\"elementor-element elementor-element-f0c9779 e-flex e-con-boxed e-con e-parent\" data-id=\"f0c9779\" data-element_type=\"container\">\n\t\t\t\t\t<div class=\"e-con-inner\">\n\t\t\t\t<div class=\"elementor-element elementor-element-d923bd7 elementor-widget elementor-widget-heading\" data-id=\"d923bd7\" data-element_type=\"widget\" data-widget_type=\"heading.default\">\n\t\t\t\t<div class=\"elementor-widget-container\">\n\t\t\t\t\t<h2 class=\"elementor-heading-title elementor-size-default\">Misa de Honras Personalizado<\/h2>\t\t\t\t<\/div>\n\t\t\t\t<\/div>\n\t\t\t\t<div class=\"elementor-element elementor-element-4176593 elementor-widget elementor-widget-heading\" data-id=\"4176593\" data-element_type=\"widget\" data-widget_type=\"heading.default\">\n\t\t\t\t<div class=\"elementor-widget-container\">\n\t\t\t\t\t<h4 class=\"elementor-heading-title elementor-size-default\">Celebraci\u00f3n para orar por varias personas en una sola misa.<\/h4>\t\t\t\t<\/div>\n\t\t\t\t<\/div>\n\t\t\t\t\t<\/div>\n\t\t\t\t<\/div>\n\t\t<div class=\"elementor-element elementor-element-3daf606 e-flex e-con-boxed e-con e-parent\" data-id=\"3daf606\" data-element_type=\"container\">\n\t\t\t\t\t<div class=\"e-con-inner\">\n\t\t\t\t<div class=\"elementor-element elementor-element-24e9847 elementor-widget elementor-widget-html\" data-id=\"24e9847\" data-element_type=\"widget\" data-widget_type=\"html.default\">\n\t\t\t\t<div class=\"elementor-widget-container\">\n\t\t\t\t\t<!-- \u2705 LISTA DE VIDEOS -->\r\n<script>\r\n  const videoList = [\r\n\t\"https:\/\/www.youtube.com\/embed\/6jzOGkUPREo\",\r\n\t\"https:\/\/www.youtube.com\/embed\/tehp02YwTVY\",\r\n\t\"https:\/\/www.youtube.com\/embed\/6jzOGkUPREo\",\r\n\t\"https:\/\/www.youtube.com\/embed\/tehp02YwTVY\",\r\n\t\"https:\/\/www.youtube.com\/embed\/6jzOGkUPREo\",\r\n\t\"https:\/\/www.youtube.com\/embed\/tehp02YwTVY\",\r\n\t\"https:\/\/www.youtube.com\/embed\/6jzOGkUPREo\",\r\n\t\"https:\/\/www.youtube.com\/embed\/tehp02YwTVY\",\r\n\t\"https:\/\/www.youtube.com\/embed\/6jzOGkUPREo\",\r\n\t\"https:\/\/www.youtube.com\/embed\/tehp02YwTVY\"\r\n  ];\r\n<\/script>\r\n\r\n<!-- \u2705 CARRUSEL \u00daNICO -->\r\n<div class=\"video-carousel-wrapper\">\r\n  <h2>Dise\u00f1os 1 al 10<\/h2>\r\n  <div class=\"swiper\">\r\n    <div class=\"swiper-wrapper\"><\/div>\r\n    <div class=\"pagination-with-arrows\">\r\n      <div class=\"swiper-button-prev\"><\/div>\r\n      <div class=\"swiper-button-next\"><\/div>\r\n    <\/div>\r\n    <div class=\"swiper-pagination\"><\/div>\r\n  <\/div>\r\n<\/div>\r\n\r\n<!-- \u2705 Swiper -->\r\n<link rel=\"stylesheet\" href=\"https:\/\/cdn.jsdelivr.net\/npm\/swiper@11\/swiper-bundle.min.css\" \/>\r\n<script src=\"https:\/\/cdn.jsdelivr.net\/npm\/swiper@11\/swiper-bundle.min.js\"><\/script>\r\n\r\n<!-- \u2705 SCRIPT FUNCIONAL -->\r\n<script>\r\n  const swiperWrapper = document.querySelector('.swiper-wrapper');\r\n  const prevBtn = document.querySelector('.swiper-button-prev');\r\n  const nextBtn = document.querySelector('.swiper-button-next');\r\n  const pagination = document.querySelector('.swiper-pagination');\r\n\r\n  videoList.forEach(url => {\r\n    const youtubeId = url.split(\"\/embed\/\")[1];\r\n    const thumbnailUrl = `https:\/\/img.youtube.com\/vi\/${youtubeId}\/hqdefault.jpg`;\r\n\r\n    const slide = document.createElement('div');\r\n    slide.className = 'swiper-slide';\r\n    slide.innerHTML = `\r\n      <div class=\"video-card\" data-url=\"${url}\">\r\n        <div class=\"video-thumb\" style=\"background-image: url('${thumbnailUrl}')\">\r\n          <div class=\"play-button\">\u25b6<\/div>\r\n        <\/div>\r\n      <\/div>\r\n    `;\r\n    swiperWrapper.appendChild(slide);\r\n  });\r\n\r\n  swiperWrapper.addEventListener('click', e => {\r\n    const card = e.target.closest('.video-card');\r\n    if (!card || card.querySelector('iframe')) return;\r\n\r\n    const url = card.dataset.url;\r\n    card.innerHTML = `\r\n      <div class=\"video-iframe-wrapper\">\r\n        <iframe src=\"${url}?autoplay=1&enablejsapi=1\" allowfullscreen loading=\"lazy\"><\/iframe>\r\n      <\/div>\r\n    `;\r\n  });\r\n\r\n  const swiper = new Swiper('.swiper', {\r\n    loop: true,\r\n    navigation: {\r\n      nextEl: nextBtn,\r\n      prevEl: prevBtn\r\n    },\r\n    pagination: {\r\n      el: pagination,\r\n      clickable: true\r\n    }\r\n  });\r\n\r\n  swiper.on('slideChange', () => {\r\n    swiperWrapper.querySelectorAll('iframe').forEach(iframe => {\r\n      iframe.contentWindow.postMessage('{\"event\":\"command\",\"func\":\"pauseVideo\",\"args\":\"\"}', '*');\r\n    });\r\n  });\r\n<\/script>\r\n\r\n<!-- \u2705 ESTILOS -->\r\n<style>\r\n.video-carousel-wrapper {\r\n  background: #1e293b;\r\n  padding: 40px 20px;\r\n  margin-bottom: 40px;\r\n  border-radius: 16px;\r\n  color: white;\r\n  font-family: 'Segoe UI', sans-serif;\r\n  text-align: center;\r\n}\r\n.video-carousel-wrapper h2 {\r\n  font-size: 1.8rem;\r\n  margin-bottom: 20px;\r\n  color: #fff7ed;\r\n  text-shadow: 0 0 6px #fff3a3, 0 0 12px #fff3a3;\r\n}\r\n.swiper {\r\n  max-width: 900px;\r\n  margin: auto;\r\n  position: relative;\r\n}\r\n.video-card {\r\n  background: black;\r\n  padding: 10px;\r\n  border-radius: 16px;\r\n  box-shadow: 0 8px 24px rgba(0, 0, 0, 0.4);\r\n  cursor: pointer;\r\n}\r\n.video-thumb {\r\n  width: 100%;\r\n  aspect-ratio: 16\/9;\r\n  background-size: cover;\r\n  background-position: center;\r\n  border-radius: 12px;\r\n  position: relative;\r\n}\r\n.video-iframe-wrapper {\r\n  width: 100%;\r\n  aspect-ratio: 16 \/ 9;\r\n  border-radius: 12px;\r\n  overflow: hidden;\r\n}\r\n.video-iframe-wrapper iframe {\r\n  width: 100%;\r\n  height: 100%;\r\n  border: none;\r\n  display: block;\r\n}\r\n@media (max-width: 768px) {\r\n  .video-thumb {\r\n    aspect-ratio: 9 \/ 16;\r\n  }\r\n  .video-iframe-wrapper {\r\n    aspect-ratio: 9 \/ 16;\r\n  }\r\n}\r\n.play-button {\r\n  position: absolute;\r\n  top: 50%;\r\n  left: 50%;\r\n  transform: translate(-50%, -50%);\r\n  font-size: 48px;\r\n  color: white;\r\n  text-shadow: 0 0 10px black;\r\n  pointer-events: none;\r\n}\r\n.pagination-with-arrows {\r\n  display: flex;\r\n  justify-content: center;\r\n  align-items: center;\r\n  margin-top: 20px;\r\n  gap: 150px;\r\n}\r\n.swiper-button-prev,\r\n.swiper-button-next {\r\n  position: relative;\r\n  z-index: 10;\r\n  cursor: pointer;\r\n  background: rgba(255,255,255,0.15);\r\n  width: 50px;\r\n  height: 50px;\r\n  border-radius: 50%;\r\n  display: flex;\r\n  align-items: center;\r\n  justify-content: center;\r\n}\r\n.swiper-button-prev:hover,\r\n.swiper-button-next:hover {\r\n  background: #38bdf8;\r\n}\r\n.swiper-pagination {\r\n  display: flex;\r\n  justify-content: center;\r\n  margin-top: 10px;\r\n  gap: 0.5px;\r\n}\r\n.swiper-pagination-bullet {\r\n  width: 12px;\r\n  height: 12px;\r\n  background: #cbd5e1;\r\n  border-radius: 50%;\r\n  opacity: 0.5;\r\n  transition: all 0.3s;\r\n}\r\n.swiper-pagination-bullet-active {\r\n  background: #38bdf8;\r\n  opacity: 1;\r\n}\r\n<\/style>\r\n\t\t\t\t<\/div>\n\t\t\t\t<\/div>\n\t\t\t\t\t<\/div>\n\t\t\t\t<\/div>\n\t\t\t\t<\/div>\n\t\t","protected":false},"excerpt":{"rendered":"<p>Misa de Honras Personalizado Celebraci\u00f3n para orar por varias personas en una sola misa. Dise\u00f1os 1 al 10<\/p>\n","protected":false},"author":1,"featured_media":0,"parent":0,"menu_order":0,"comment_status":"closed","ping_status":"closed","template":"","meta":{"site-sidebar-layout":"no-sidebar","site-content-layout":"page-builder","ast-site-content-layout":"full-width-container","site-content-style":"default","site-sidebar-style":"default","ast-global-header-display":"","ast-banner-title-visibility":"","ast-main-header-display":"","ast-hfb-above-header-display":"","ast-hfb-below-header-display":"","ast-hfb-mobile-header-display":"","site-post-title":"disabled","ast-breadcrumbs-content":"","ast-featured-img":"disabled","footer-sml-layout":"","theme-transparent-header-meta":"","adv-header-id-meta":"","stick-header-meta":"","header-above-stick-meta":"","header-main-stick-meta":"","header-below-stick-meta":"","astra-migrate-meta-layouts":"set","ast-page-background-enabled":"default","ast-page-background-meta":{"desktop":{"background-color":"var(--ast-global-color-4)","background-image":"","background-repeat":"repeat","background-position":"center center","background-size":"auto","background-attachment":"scroll","background-type":"","background-media":"","overlay-type":"","overlay-color":"","overlay-opacity":"","overlay-gradient":""},"tablet":{"background-color":"","background-image":"","background-repeat":"repeat","background-position":"center center","background-size":"auto","background-attachment":"scroll","background-type":"","background-media":"","overlay-type":"","overlay-color":"","overlay-opacity":"","overlay-gradient":""},"mobile":{"background-color":"","background-image":"","background-repeat":"repeat","background-position":"center center","background-size":"auto","background-attachment":"scroll","background-type":"","background-media":"","overlay-type":"","overlay-color":"","overlay-opacity":"","overlay-gradient":""}},"ast-content-background-meta":{"desktop":{"background-color":"var(--ast-global-color-5)","background-image":"","background-repeat":"repeat","background-position":"center center","background-size":"auto","background-attachment":"scroll","background-type":"","background-media":"","overlay-type":"","overlay-color":"","overlay-opacity":"","overlay-gradient":""},"tablet":{"background-color":"var(--ast-global-color-5)","background-image":"","background-repeat":"repeat","background-position":"center center","background-size":"auto","background-attachment":"scroll","background-type":"","background-media":"","overlay-type":"","overlay-color":"","overlay-opacity":"","overlay-gradient":""},"mobile":{"background-color":"var(--ast-global-color-5)","background-image":"","background-repeat":"repeat","background-position":"center center","background-size":"auto","background-attachment":"scroll","background-type":"","background-media":"","overlay-type":"","overlay-color":"","overlay-opacity":"","overlay-gradient":""}},"footnotes":""},"class_list":["post-1763","page","type-page","status-publish","hentry"],"yoast_head":"<!-- This site is optimized with the Yoast SEO plugin v25.8 - https:\/\/yoast.com\/wordpress\/plugins\/seo\/ -->\n<title>Misa de Honras Personalizado - Tus Invitaciones Digitales<\/title>\n<meta name=\"robots\" content=\"index, follow, max-snippet:-1, max-image-preview:large, max-video-preview:-1\" \/>\n<link rel=\"canonical\" href=\"https:\/\/tusinvitacionesdigitales.com\/index.php\/misa-de-honras-personalizado\/\" \/>\n<meta property=\"og:locale\" content=\"es_ES\" \/>\n<meta property=\"og:type\" content=\"article\" \/>\n<meta property=\"og:title\" content=\"Misa de Honras Personalizado - Tus Invitaciones Digitales\" \/>\n<meta property=\"og:description\" content=\"Misa de Honras Personalizado Celebraci\u00f3n para orar por varias personas en una sola misa. Dise\u00f1os 1 al 10\" \/>\n<meta property=\"og:url\" content=\"https:\/\/tusinvitacionesdigitales.com\/index.php\/misa-de-honras-personalizado\/\" \/>\n<meta property=\"og:site_name\" content=\"Tus Invitaciones Digitales\" \/>\n<meta property=\"article:modified_time\" content=\"2025-08-08T00:35:28+00:00\" \/>\n<meta name=\"twitter:card\" content=\"summary_large_image\" \/>\n<script type=\"application\/ld+json\" class=\"yoast-schema-graph\">{\"@context\":\"https:\/\/schema.org\",\"@graph\":[{\"@type\":\"WebPage\",\"@id\":\"https:\/\/tusinvitacionesdigitales.com\/index.php\/misa-de-honras-personalizado\/\",\"url\":\"https:\/\/tusinvitacionesdigitales.com\/index.php\/misa-de-honras-personalizado\/\",\"name\":\"Misa de Honras Personalizado - Tus Invitaciones Digitales\",\"isPartOf\":{\"@id\":\"https:\/\/tusinvitacionesdigitales.com\/#website\"},\"datePublished\":\"2025-08-08T00:22:42+00:00\",\"dateModified\":\"2025-08-08T00:35:28+00:00\",\"breadcrumb\":{\"@id\":\"https:\/\/tusinvitacionesdigitales.com\/index.php\/misa-de-honras-personalizado\/#breadcrumb\"},\"inLanguage\":\"es\",\"potentialAction\":[{\"@type\":\"ReadAction\",\"target\":[\"https:\/\/tusinvitacionesdigitales.com\/index.php\/misa-de-honras-personalizado\/\"]}]},{\"@type\":\"BreadcrumbList\",\"@id\":\"https:\/\/tusinvitacionesdigitales.com\/index.php\/misa-de-honras-personalizado\/#breadcrumb\",\"itemListElement\":[{\"@type\":\"ListItem\",\"position\":1,\"name\":\"Portada\",\"item\":\"https:\/\/tusinvitacionesdigitales.com\/\"},{\"@type\":\"ListItem\",\"position\":2,\"name\":\"Misa de Honras Personalizado\"}]},{\"@type\":\"WebSite\",\"@id\":\"https:\/\/tusinvitacionesdigitales.com\/#website\",\"url\":\"https:\/\/tusinvitacionesdigitales.com\/\",\"name\":\"Tus Invitaciones Digitales\",\"description\":\"Crea invitaciones digitales \u00fanicas para tus eventos: cumplea\u00f1os, bodas, misas y m\u00e1s. Dise\u00f1o profesional listo para compartir\",\"publisher\":{\"@id\":\"https:\/\/tusinvitacionesdigitales.com\/#organization\"},\"potentialAction\":[{\"@type\":\"SearchAction\",\"target\":{\"@type\":\"EntryPoint\",\"urlTemplate\":\"https:\/\/tusinvitacionesdigitales.com\/?s={search_term_string}\"},\"query-input\":{\"@type\":\"PropertyValueSpecification\",\"valueRequired\":true,\"valueName\":\"search_term_string\"}}],\"inLanguage\":\"es\"},{\"@type\":\"Organization\",\"@id\":\"https:\/\/tusinvitacionesdigitales.com\/#organization\",\"name\":\"Tus Invitaciones Digitales\",\"url\":\"https:\/\/tusinvitacionesdigitales.com\/\",\"logo\":{\"@type\":\"ImageObject\",\"inLanguage\":\"es\",\"@id\":\"https:\/\/tusinvitacionesdigitales.com\/#\/schema\/logo\/image\/\",\"url\":\"https:\/\/tusinvitacionesdigitales.com\/wp-content\/uploads\/2025\/07\/5.png\",\"contentUrl\":\"https:\/\/tusinvitacionesdigitales.com\/wp-content\/uploads\/2025\/07\/5.png\",\"width\":350,\"height\":100,\"caption\":\"Tus Invitaciones Digitales\"},\"image\":{\"@id\":\"https:\/\/tusinvitacionesdigitales.com\/#\/schema\/logo\/image\/\"}}]}<\/script>\n<!-- \/ Yoast SEO plugin. -->","yoast_head_json":{"title":"Misa de Honras Personalizado - Tus Invitaciones Digitales","robots":{"index":"index","follow":"follow","max-snippet":"max-snippet:-1","max-image-preview":"max-image-preview:large","max-video-preview":"max-video-preview:-1"},"canonical":"https:\/\/tusinvitacionesdigitales.com\/index.php\/misa-de-honras-personalizado\/","og_locale":"es_ES","og_type":"article","og_title":"Misa de Honras Personalizado - Tus Invitaciones Digitales","og_description":"Misa de Honras Personalizado Celebraci\u00f3n para orar por varias personas en una sola misa. Dise\u00f1os 1 al 10","og_url":"https:\/\/tusinvitacionesdigitales.com\/index.php\/misa-de-honras-personalizado\/","og_site_name":"Tus Invitaciones Digitales","article_modified_time":"2025-08-08T00:35:28+00:00","twitter_card":"summary_large_image","schema":{"@context":"https:\/\/schema.org","@graph":[{"@type":"WebPage","@id":"https:\/\/tusinvitacionesdigitales.com\/index.php\/misa-de-honras-personalizado\/","url":"https:\/\/tusinvitacionesdigitales.com\/index.php\/misa-de-honras-personalizado\/","name":"Misa de Honras Personalizado - Tus Invitaciones Digitales","isPartOf":{"@id":"https:\/\/tusinvitacionesdigitales.com\/#website"},"datePublished":"2025-08-08T00:22:42+00:00","dateModified":"2025-08-08T00:35:28+00:00","breadcrumb":{"@id":"https:\/\/tusinvitacionesdigitales.com\/index.php\/misa-de-honras-personalizado\/#breadcrumb"},"inLanguage":"es","potentialAction":[{"@type":"ReadAction","target":["https:\/\/tusinvitacionesdigitales.com\/index.php\/misa-de-honras-personalizado\/"]}]},{"@type":"BreadcrumbList","@id":"https:\/\/tusinvitacionesdigitales.com\/index.php\/misa-de-honras-personalizado\/#breadcrumb","itemListElement":[{"@type":"ListItem","position":1,"name":"Portada","item":"https:\/\/tusinvitacionesdigitales.com\/"},{"@type":"ListItem","position":2,"name":"Misa de Honras Personalizado"}]},{"@type":"WebSite","@id":"https:\/\/tusinvitacionesdigitales.com\/#website","url":"https:\/\/tusinvitacionesdigitales.com\/","name":"Tus Invitaciones Digitales","description":"Crea invitaciones digitales \u00fanicas para tus eventos: cumplea\u00f1os, bodas, misas y m\u00e1s. Dise\u00f1o profesional listo para compartir","publisher":{"@id":"https:\/\/tusinvitacionesdigitales.com\/#organization"},"potentialAction":[{"@type":"SearchAction","target":{"@type":"EntryPoint","urlTemplate":"https:\/\/tusinvitacionesdigitales.com\/?s={search_term_string}"},"query-input":{"@type":"PropertyValueSpecification","valueRequired":true,"valueName":"search_term_string"}}],"inLanguage":"es"},{"@type":"Organization","@id":"https:\/\/tusinvitacionesdigitales.com\/#organization","name":"Tus Invitaciones Digitales","url":"https:\/\/tusinvitacionesdigitales.com\/","logo":{"@type":"ImageObject","inLanguage":"es","@id":"https:\/\/tusinvitacionesdigitales.com\/#\/schema\/logo\/image\/","url":"https:\/\/tusinvitacionesdigitales.com\/wp-content\/uploads\/2025\/07\/5.png","contentUrl":"https:\/\/tusinvitacionesdigitales.com\/wp-content\/uploads\/2025\/07\/5.png","width":350,"height":100,"caption":"Tus Invitaciones Digitales"},"image":{"@id":"https:\/\/tusinvitacionesdigitales.com\/#\/schema\/logo\/image\/"}}]}},"_links":{"self":[{"href":"https:\/\/tusinvitacionesdigitales.com\/index.php\/wp-json\/wp\/v2\/pages\/1763","targetHints":{"allow":["GET"]}}],"collection":[{"href":"https:\/\/tusinvitacionesdigitales.com\/index.php\/wp-json\/wp\/v2\/pages"}],"about":[{"href":"https:\/\/tusinvitacionesdigitales.com\/index.php\/wp-json\/wp\/v2\/types\/page"}],"author":[{"embeddable":true,"href":"https:\/\/tusinvitacionesdigitales.com\/index.php\/wp-json\/wp\/v2\/users\/1"}],"replies":[{"embeddable":true,"href":"https:\/\/tusinvitacionesdigitales.com\/index.php\/wp-json\/wp\/v2\/comments?post=1763"}],"version-history":[{"count":7,"href":"https:\/\/tusinvitacionesdigitales.com\/index.php\/wp-json\/wp\/v2\/pages\/1763\/revisions"}],"predecessor-version":[{"id":1775,"href":"https:\/\/tusinvitacionesdigitales.com\/index.php\/wp-json\/wp\/v2\/pages\/1763\/revisions\/1775"}],"wp:attachment":[{"href":"https:\/\/tusinvitacionesdigitales.com\/index.php\/wp-json\/wp\/v2\/media?parent=1763"}],"curies":[{"name":"wp","href":"https:\/\/api.w.org\/{rel}","templated":true}]}}